{"id":14,"date":"2017-11-30T21:53:55","date_gmt":"2017-11-30T21:53:55","guid":{"rendered":"http:\/\/osteopathe-guichen.fr\/?page_id=14"},"modified":"2020-05-02T12:34:20","modified_gmt":"2020-05-02T10:34:20","slug":"accueil","status":"publish","type":"page","link":"https:\/\/osteopathe-guichen.fr\/","title":{"rendered":"Accueil"},"content":{"rendered":"<div class=\"fusion-fullwidth fullwidth-box fusion-builder-row-1 nonhundred-percent-fullwidth non-hundred-percent-height-scrolling\" style=\"--awb-border-radius-top-left:0px;--awb-border-radius-top-right:0px;--awb-border-radius-bottom-right:0px;--awb-border-radius-bottom-left:0px;--awb-flex-wrap:wrap;\" ><div class=\"fusion-builder-row fusion-row\"><div class=\"fusion-layout-column fusion_builder_column fusion-builder-column-0 fusion_builder_column_1_1 1_1 fusion-one-full fusion-column-first fusion-column-last\" style=\"--awb-bg-size:cover;\"><div class=\"fusion-column-wrapper fusion-flex-column-wrapper-legacy\"><div class=\"fusion-text fusion-text-1\"><h1><span style=\"font-size: 1px; color: white;\">Ost\u00e9opathe<\/span><\/h1>\n<p><span style=\"font-size: 1px; color: white;\">Ost\u00e9opathe Florent THOMAS et Aur\u00e9lien MOREAU et Laura ALBRECHT,  vous accueillent du Lundi au Samedi ! Nouveau : Prise de rendez-vous en ligne en acc\u00e9dant au site web ! <\/span><br \/>\n<span style=\"font-size: 1px; color: white;\">Ost\u00e9opathes \u00e0 Guichen et proche de Laill\u00e9, Lassy, Saint Senoux, Baulon, Pont-R\u00e9an, Bourg-Des-Comptes, Bruz, Guignen, Plech\u00e2tel. Ost\u00e9opathes Guichen mais aussi Laill\u00e9 et Ost\u00e9opathes Laill\u00e9.<\/span><br \/>\n<span style=\"font-size: 1px; color: white;\">Lassy et Ost\u00e9opathes Lassy \/ Ost\u00e9opathes Saint-Senoux mais aussi Ost\u00e9opathe Saint-Senoux \/ Baulon. Ost\u00e9opathe Baulon \/ Pont-R\u00e9an ainsi que Ost\u00e9opathes Pont-R\u00e9an et Bourg-Des-Comptes \/ Ost\u00e9opathes Bourg-Des-Comptes \/ Bruz et Ost\u00e9opathes Guignen. Ost\u00e9opathes Guignen \/ Pl\u00e9ch\u00e2tel ainsi que Ost\u00e9opathie Pl\u00e9ch\u00e2tel \/ Ost\u00e9opathes B\u00e9b\u00e9 et Ost\u00e9opathes nourisson ainsi que Ost\u00e9opathes P\u00e9diatrie. Ost\u00e9opathes grossesse et Ost\u00e9opathie enceinte et Ost\u00e9opathe maternit\u00e9 \/ Ost\u00e9opathes adulte et Lombalgie \/ Dorsalgie \/ Cervicalgie.<\/span><\/p>\n<p><span style=\"font-size: 1px; color: white;\">mal de dos et mal de cou et douleur cervicales \/ sciatique \/ cruralgie \/ Canal carpien \/ maux de t\u00eate \/ maux de dos \/ vertiges \/acouph\u00e8nes \/ c\u00e9phal\u00e9es. douleur cr\u00e2ne et tendinite et accident ou entorse \/ ost\u00e9opathe seniors \/ suite chirurgie \/ ost\u00e9opathes enfants ainsi que scoliose \/ d\u00e9veloppement moteur et constipation ou douleur au ventre \/ Ost\u00e9opathes cranien \/ m\u00e9thode douce et Cracking et Techniques cranio-sacr\u00e9es. Colique du nourrisson, Reflux gastro oesophagien, RGO, naus\u00e9e, post-accouchement. Bilan structurel, ost\u00e9opathie visc\u00e9rale, ost\u00e9opathie cranienne. Le Bassin, \u00e9paule, bras, poignet, doigts, pouce, canal carpien sont \u00e9galement investigu\u00e9s.<\/span><br \/>\n<span style=\"font-size: 1px; color: white;\">Cervicales, dorsales et lombaires, cuisse, genou, jambe, pied, hallux. M\u00e9nisque, Ligament, tendinite, muscle. Estomac avec le foie, petit omentum.<\/span><\/p>\n<p><span style=\"font-size: 1px; color: white;\">Le cabinet se situe au 12 boulevard Victor Edet, 35 580 Guichen, l&rsquo;entr\u00e9e principale se situe entre le salon de coiffure \u00ab\u00a0les ciseaux d&rsquo;or\u00a0\u00bb et l&rsquo;institut de beaut\u00e9. Situ\u00e9 au niveau de l&rsquo;ancienne \u00e9cole et en face de l&rsquo;ancien cin\u00e9ma.<br \/>\nPour y acc\u00e9der, vous pouvez cliquer sur le bouton gris \u00e0 droite de la porte, en semaine, pour le samedi, il vous faudra utiliser l&rsquo;interphone en recherchant CAP SANTE EDET. Horaires d&rsquo;ouvertures : 8h00 \u00e0 20h00 du lundi au vendredi, 9h \u00e0 14h00 le samedi<\/span><\/p>\n<\/div><div class=\"fusion-clearfix\"><\/div><\/div><\/div><\/div><\/div>\n","protected":false},"excerpt":{"rendered":"","protected":false},"author":1,"featured_media":0,"parent":0,"menu_order":0,"comment_status":"closed","ping_status":"closed","template":"100-width.php","meta":{"_exactmetrics_skip_tracking":false,"_exactmetrics_sitenote_active":false,"_exactmetrics_sitenote_note":"","_exactmetrics_sitenote_category":0,"footnotes":""},"class_list":["post-14","page","type-page","status-publish","hentry"],"_links":{"self":[{"href":"https:\/\/osteopathe-guichen.fr\/index.php\/wp-json\/wp\/v2\/pages\/14","targetHints":{"allow":["GET"]}}],"collection":[{"href":"https:\/\/osteopathe-guichen.fr\/index.php\/wp-json\/wp\/v2\/pages"}],"about":[{"href":"https:\/\/osteopathe-guichen.fr\/index.php\/wp-json\/wp\/v2\/types\/page"}],"author":[{"embeddable":true,"href":"https:\/\/osteopathe-guichen.fr\/index.php\/wp-json\/wp\/v2\/users\/1"}],"replies":[{"embeddable":true,"href":"https:\/\/osteopathe-guichen.fr\/index.php\/wp-json\/wp\/v2\/comments?post=14"}],"version-history":[{"count":18,"href":"https:\/\/osteopathe-guichen.fr\/index.php\/wp-json\/wp\/v2\/pages\/14\/revisions"}],"predecessor-version":[{"id":1311,"href":"https:\/\/osteopathe-guichen.fr\/index.php\/wp-json\/wp\/v2\/pages\/14\/revisions\/1311"}],"wp:attachment":[{"href":"https:\/\/osteopathe-guichen.fr\/index.php\/wp-json\/wp\/v2\/media?parent=14"}],"curies":[{"name":"wp","href":"https:\/\/api.w.org\/{rel}","templated":true}]}}